{"id":22055,"date":"2025-12-03T11:03:20","date_gmt":"2025-12-03T10:03:20","guid":{"rendered":"https:\/\/igopak.pl\/o-nas\/politique-dapprovisionnement-responsable-pour-les-mineraux-et-les-metaux\/"},"modified":"2025-12-03T11:06:28","modified_gmt":"2025-12-03T10:06:28","slug":"politika-odpovedneho-nakupu-nerostu-a-kovu","status":"publish","type":"page","link":"https:\/\/igopak.pl\/cs\/o-nas\/politika-odpovedneho-nakupu-nerostu-a-kovu\/","title":{"rendered":"POLITIKA ODPOV\u011aDN\u00c9HO N\u00c1KUPU NEROST\u016e A KOV\u016e"},"content":{"rendered":"<section class=\"wpb-content-wrapper\"><p>[vc_row css_animation=&#8221;&#8221; row_type=&#8221;row&#8221; use_row_as_full_screen_section=&#8221;no&#8221; type=&#8221;full_width&#8221; angled_section=&#8221;no&#8221; text_align=&#8221;left&#8221; background_image_as_pattern=&#8221;without_pattern&#8221;][vc_column][vc_column_text]<\/p>\n<h2>POLITIKA ODPOV\u011aDN\u00c9HO Z\u00cdSK\u00c1V\u00c1N\u00cd MINER\u00c1L\u016e A KOV\u016e VE SPOLE\u010cNOSTI IGOPAK RO\u015aKOWICZ SP. K.<\/h2>\n<p>[\/vc_column_text][vc_empty_space][vc_text_separator title=&#8221;1. C\u00edl politiky&#8221; border=&#8221;no&#8221;][vc_empty_space][vc_column_text]<\/p>\n<p style=\"font-weight: 400;\">C\u00edlem t\u00e9to politiky je stanovit z\u00e1sady odpov\u011bdn\u00e9ho z\u00edsk\u00e1v\u00e1n\u00ed miner\u00e1l\u016f a kov\u016f spole\u010dnost\u00ed <strong>Igopak Ro\u015bkowicz Sp. K.<\/strong> v souladu s <strong>OECD Due Diligence Guidance for Responsible Supply Chains of Minerals from Conflict-Affected and High-Risk Areas<\/strong> a po\u017eadavky z\u00e1kazn\u00edk\u016f z automobilov\u00e9ho a pr\u016fmyslov\u00e9ho sektoru.<\/p>\n<p style=\"font-weight: 400;\">Tato politika p\u0159edstavuje z\u00e1vazek spole\u010dnosti vyhnout se jak\u00e9koliv p\u0159\u00edm\u00e9 \u010di nep\u0159\u00edm\u00e9 podpo\u0159e ozbrojen\u00fdch konflikt\u016f, poru\u0161ov\u00e1n\u00ed lidsk\u00fdch pr\u00e1v nebo po\u0161kozov\u00e1n\u00ed \u017eivotn\u00edho prost\u0159ed\u00ed prost\u0159ednictv\u00edm dodavatelsk\u00e9ho \u0159et\u011bzce surovin.<\/p>\n<p>[\/vc_column_text][vc_empty_space][vc_text_separator title=&#8221;2. Rozsah p\u016fsobnosti&#8221; border=&#8221;no&#8221;][vc_empty_space][vc_column_text]<\/p>\n<p style=\"font-weight: 400;\">Tato politika se vztahuje na v\u0161echny n\u00e1kupn\u00ed \u010dinnosti spole\u010dnosti Igopak, zejm\u00e9na na z\u00edsk\u00e1v\u00e1n\u00ed surovin, komponent\u016f a materi\u00e1l\u016f, kter\u00e9 mohou obsahovat tzv. <strong>miner\u00e1ly 3TG<\/strong> (c\u00edn, tantal, wolfram, zlato) nebo jin\u00e9 kovy spadaj\u00edc\u00ed pod po\u017eadavky odpov\u011bdn\u00e9ho z\u00edsk\u00e1v\u00e1n\u00ed, jako je m\u011b\u010f a jej\u00ed deriv\u00e1ty. V sou\u010dasn\u00e9 dob\u011b spole\u010dnost <strong>nenakupuje miner\u00e1ly ani kovy uveden\u00e9 v regulac\u00edch 3TG<\/strong>, av\u0161ak je p\u0159ipravena splnit v\u0161echny po\u017eadavky stanoven\u00e9 touto politikou v p\u0159\u00edpad\u011b zm\u011bny rozsahu n\u00e1kupn\u00edch aktivit.<\/p>\n<p>[\/vc_column_text][vc_empty_space][vc_text_separator title=&#8221;3. Z\u00e1sady odpov\u011bdn\u00e9ho z\u00edsk\u00e1v\u00e1n\u00ed&#8221; border=&#8221;no&#8221;][vc_empty_space][vc_column_text]<\/p>\n<p style=\"font-weight: 400;\"><strong>3.1. Zaveden\u00ed politiky<\/strong><\/p>\n<p style=\"font-weight: 400;\">Spole\u010dnost Igopak vypracovala a zavedla tuto Politiku odpov\u011bdn\u00e9ho z\u00edsk\u00e1v\u00e1n\u00ed miner\u00e1l\u016f a kov\u016f jako sou\u010d\u00e1st sv\u00e9ho syst\u00e9mu environment\u00e1ln\u00edho \u0159\u00edzen\u00ed, \u0159\u00edzen\u00ed kvality a souladu s po\u017eadavky z\u00e1kazn\u00edk\u016f.<\/p>\n<p style=\"font-weight: 400;\"><strong>3.2. Ve\u0159ejn\u00e1 dostupnost<\/strong><\/p>\n<p style=\"font-weight: 400;\">Tato politika je zp\u0159\u00edstupn\u011bna v\u0161em zam\u011bstnanc\u016fm a obchodn\u00edm partner\u016fm v <strong>m\u00edstn\u00ed s\u00edti (LAN) a na webov\u00fdch str\u00e1nk\u00e1ch<\/strong> spole\u010dnosti Igopak. Na po\u017e\u00e1d\u00e1n\u00ed m\u016f\u017ee b\u00fdt dodavatel\u016fm poskytnuta tak\u00e9 v elektronick\u00e9 podob\u011b.<\/p>\n<p style=\"font-weight: 400;\"><strong>3.3. Po\u017eadavky na dodavatele<\/strong><\/p>\n<p style=\"font-weight: 400;\">V p\u0159\u00edpad\u011b n\u00e1kupu surovin nebo komponent\u016f obsahuj\u00edc\u00edch regulovan\u00e9 miner\u00e1ly\/kovy (3TG, m\u011b\u010f atd.) bude spole\u010dnost Igopak po\u017eadovat po sv\u00fdch <strong>p\u0159\u00edm\u00fdch dodavatel\u00edch<\/strong>, aby:<\/p>\n<ul style=\"font-weight: 400;\">\n<li>z\u00edsk\u00e1vali materi\u00e1ly v\u00fdhradn\u011b od hut\u00ed nebo rafineri\u00ed, jejich\u017e postupy n\u00e1le\u017eit\u00e9 p\u00e9\u010de byly <strong>ov\u011b\u0159eny nez\u00e1visl\u00fdm extern\u00edm auditem<\/strong> (nap\u0159. v r\u00e1mci programu <strong>RMI\/RMAP<\/strong>),<\/li>\n<li>poskytovali spolehliv\u00e9 \u00fadaje o p\u016fvodu miner\u00e1l\u016f v dodavatelsk\u00e9m \u0159et\u011bzci.<\/li>\n<\/ul>\n<p style=\"font-weight: 400;\"><strong>3.4. N\u00e1le\u017eit\u00e1 p\u00e9\u010de (Due Diligence)<\/strong><\/p>\n<p style=\"font-weight: 400;\">Spole\u010dnost Igopak zavede z\u00e1sady n\u00e1le\u017eit\u00e9 p\u00e9\u010de zalo\u017een\u00e9 na <strong>pokynech OECD<\/strong>, aby zajistila, \u017ee suroviny pou\u017e\u00edvan\u00e9 ve v\u00fdrobn\u00edch procesech nepoch\u00e1zej\u00ed z oblast\u00ed posti\u017een\u00fdch konflikty ani z neleg\u00e1ln\u00edch zdroj\u016f. Tento proces zahrnuje anal\u00fdzu rizik, hodnocen\u00ed dodavatel\u016f a dokumentaci p\u016fvodu materi\u00e1l\u016f.<\/p>\n<p style=\"font-weight: 400;\"><strong>3.5. Dotazn\u00edky a zkoum\u00e1n\u00ed dodavatelsk\u00e9ho \u0159et\u011bzce<\/strong><\/p>\n<p style=\"font-weight: 400;\">V p\u0159\u00edpad\u011b uveden\u00ed produkt\u016f obsahuj\u00edc\u00edch uveden\u00e9 miner\u00e1ly nebo kovy na trh prov\u00e1d\u00ed spole\u010dnost Igopak <strong>dotazn\u00edkov\u00e1 \u0161et\u0159en\u00ed mezi kl\u00ed\u010dov\u00fdmi dodavateli<\/strong> (nap\u0159. pomoc\u00ed formul\u00e1\u0159\u016f EMRT\/CMRT) za \u00fa\u010delem z\u00edsk\u00e1n\u00ed \u00fadaj\u016f o p\u016fvodu materi\u00e1l\u016f.<\/p>\n<p style=\"font-weight: 400;\"><strong>3.6. P\u0159ezkum informac\u00ed od dodavatel\u016f<\/strong><\/p>\n<p style=\"font-weight: 400;\">Informace z\u00edskan\u00e9 od dodavatel\u016f t\u00fdkaj\u00edc\u00ed se n\u00e1le\u017eit\u00e9 p\u00e9\u010de jsou <strong>ov\u011b\u0159ov\u00e1ny a posuzov\u00e1ny z hlediska souladu s o\u010dek\u00e1v\u00e1n\u00edmi spole\u010dnosti<\/strong> a s principy odpov\u011bdn\u00e9ho z\u00edsk\u00e1v\u00e1n\u00ed.<\/p>\n<ul>\n<li><strong>N\u00e1pravn\u00e1 opat\u0159en\u00ed<\/strong><\/li>\n<\/ul>\n<p style=\"font-weight: 400;\">V p\u0159\u00edpad\u011b zji\u0161t\u011bn\u00ed nesouladu nebo nedostate\u010dn\u00e9 transparentnosti t\u00fdkaj\u00edc\u00ed se p\u016fvodu miner\u00e1l\u016f p\u0159ijme spole\u010dnost Igopak <strong>n\u00e1pravn\u00e1 opat\u0159en\u00ed<\/strong>, nap\u0159\u00edklad:<\/p>\n<ul style=\"font-weight: 400;\">\n<li>op\u011btovn\u00e9 vy\u017e\u00e1d\u00e1n\u00ed zdrojov\u00fdch \u00fadaj\u016f,<\/li>\n<li>do\u010dasn\u00e9 pozastaven\u00ed spolupr\u00e1ce,<\/li>\n<li>nebo v krajn\u00edm p\u0159\u00edpad\u011b \u2013 ukon\u010den\u00ed spolupr\u00e1ce s dodavatelem, kter\u00fd nespl\u0148uje z\u00e1sady odpov\u011bdn\u00e9ho z\u00edsk\u00e1v\u00e1n\u00ed.<\/li>\n<\/ul>\n<p>[\/vc_column_text][vc_empty_space][vc_text_separator title=&#8221;4. Odpov\u011bdnost a dozor&#8221; border=&#8221;no&#8221;][vc_empty_space][vc_column_text]<\/p>\n<p style=\"font-weight: 400;\">Za prov\u00e1d\u011bn\u00ed a dohled nad pln\u011bn\u00edm t\u00e9to politiky odpov\u00edd\u00e1 <strong>pov\u011b\u0159enec ISMS<\/strong> ve spolupr\u00e1ci s n\u00e1kupn\u00edm odd\u011blen\u00edm a veden\u00edm v\u00fdroby. Politika bude pravideln\u011b p\u0159ezkoum\u00e1v\u00e1na (nejm\u00e9n\u011b jednou ro\u010dn\u011b) a aktualizov\u00e1na v p\u0159\u00edpad\u011b zm\u011bn legislativy nebo po\u017eadavk\u016f z\u00e1kazn\u00edk\u016f.<\/p>\n<p>[\/vc_column_text][vc_empty_space][vc_text_separator title=&#8221;5. Datum \u00fa\u010dinnosti&#8221; border=&#8221;no&#8221;][vc_empty_space][vc_column_text]<\/p>\n<ul>\n<li>Politika je \u00fa\u010dinn\u00e1 od <strong>10.2025<\/strong>.<\/li>\n<\/ul>\n<p>[\/vc_column_text][vc_column_text]<\/p>\n<p style=\"text-align: right;\"><strong>\u010clen veden\u00ed<\/strong><\/p>\n<p style=\"text-align: right;\">Wojciech Ro\u015bkowicz<\/p>\n<p>[\/vc_column_text][\/vc_column][\/vc_row][vc_row css_animation=&#8221;&#8221; row_type=&#8221;row&#8221; use_row_as_full_screen_section=&#8221;no&#8221; type=&#8221;full_width&#8221; angled_section=&#8221;no&#8221; text_align=&#8221;left&#8221; background_image_as_pattern=&#8221;without_pattern&#8221;][vc_column][vc_column_text]<br \/>\n[\/vc_column_text][\/vc_column][\/vc_row][vc_row css_animation=&#8221;&#8221; row_type=&#8221;row&#8221; use_row_as_full_screen_section=&#8221;no&#8221; type=&#8221;full_width&#8221; angled_section=&#8221;no&#8221; text_align=&#8221;center&#8221; background_image_as_pattern=&#8221;without_pattern&#8221; css=&#8221;.vc_custom_1634710273331{margin-bottom: 50px !important;}&#8221;][vc_column width=&#8221;1\/2&#8243;]<a  itemprop=\"url\" href=\"https:\/\/igopak.pl\/wp-content\/uploads\/2025\/11\/Polityka-odpowiedzialnego-pozyskiwania-mineralow-i-metali.pdf\" target=\"_self\"  class=\"qbutton  default\" style=\"\">St\u00e1hnout PDF<i class=\"qode_icon_font_awesome fa fa-angle-down qode_button_icon_element\" style=\"\" ><\/i><\/a>[\/vc_column][vc_column width=&#8221;1\/2&#8243;]<a  itemprop=\"url\" href=\"https:\/\/igopak.pl\/o-nas#polityka\" target=\"_self\"  class=\"qbutton  default\" style=\"\">Zp\u011bt<i class=\"qode_icon_font_awesome fa fa-angle-left qode_button_icon_element\" style=\"\" ><\/i><\/a>[\/vc_column][\/vc_row]<\/p>\n<\/section>","protected":false},"excerpt":{"rendered":"<p>[vc_row css_animation=&#8221;&#8221; row_type=&#8221;row&#8221; use_row_as_full_screen_section=&#8221;no&#8221; type=&#8221;full_width&#8221; angled_section=&#8221;no&#8221; text_align=&#8221;left&#8221; background_image_as_pattern=&#8221;without_pattern&#8221;][vc_column][vc_column_text] POLITIKA ODPOV\u011aDN\u00c9HO Z\u00cdSK\u00c1V\u00c1N\u00cd MINER\u00c1L\u016e A KOV\u016e VE SPOLE\u010cNOSTI IGOPAK RO\u015aKOWICZ SP. K. [\/vc_column_text][vc_empty_space][vc_text_separator title=&#8221;1. C\u00edl politiky&#8221; border=&#8221;no&#8221;][vc_empty_space][vc_column_text] C\u00edlem t\u00e9to politiky je stanovit z\u00e1sady odpov\u011bdn\u00e9ho z\u00edsk\u00e1v\u00e1n\u00ed miner\u00e1l\u016f a kov\u016f spole\u010dnost\u00ed Igopak Ro\u015bkowicz Sp. K. v souladu s OECD&#8230;<\/p>\n","protected":false},"author":1,"featured_media":0,"parent":17859,"menu_order":0,"comment_status":"closed","ping_status":"closed","template":"","meta":{"inline_featured_image":false,"footnotes":""},"yoast_head":"<!-- This site is optimized with the Yoast SEO plugin v22.7 - https:\/\/yoast.com\/wordpress\/plugins\/seo\/ -->\n<title>POLITIKA ODPOV\u011aDN\u00c9HO N\u00c1KUPU NEROST\u016e A KOV\u016e - IGOPAK<\/title>\n<meta name=\"robots\" content=\"index, follow, max-snippet:-1, max-image-preview:large, max-video-preview:-1\" \/>\n<link rel=\"canonical\" href=\"https:\/\/igopak.pl\/cs\/o-nas\/politika-odpovedneho-nakupu-nerostu-a-kovu\/\" \/>\n<meta property=\"og:locale\" content=\"cs_CZ\" \/>\n<meta property=\"og:type\" content=\"article\" \/>\n<meta property=\"og:title\" content=\"POLITIKA ODPOV\u011aDN\u00c9HO N\u00c1KUPU NEROST\u016e A KOV\u016e - IGOPAK\" \/>\n<meta property=\"og:description\" content=\"[vc_row css_animation=&#8221;&#8221; row_type=&#8221;row&#8221; use_row_as_full_screen_section=&#8221;no&#8221; type=&#8221;full_width&#8221; angled_section=&#8221;no&#8221; text_align=&#8221;left&#8221; background_image_as_pattern=&#8221;without_pattern&#8221;][vc_column][vc_column_text] POLITIKA ODPOV\u011aDN\u00c9HO Z\u00cdSK\u00c1V\u00c1N\u00cd MINER\u00c1L\u016e A KOV\u016e VE SPOLE\u010cNOSTI IGOPAK RO\u015aKOWICZ SP. K. [\/vc_column_text][vc_empty_space][vc_text_separator title=&#8221;1. C\u00edl politiky&#8221; border=&#8221;no&#8221;][vc_empty_space][vc_column_text] C\u00edlem t\u00e9to politiky je stanovit z\u00e1sady odpov\u011bdn\u00e9ho z\u00edsk\u00e1v\u00e1n\u00ed miner\u00e1l\u016f a kov\u016f spole\u010dnost\u00ed Igopak Ro\u015bkowicz Sp. K. v souladu s OECD...\" \/>\n<meta property=\"og:url\" content=\"https:\/\/igopak.pl\/cs\/o-nas\/politika-odpovedneho-nakupu-nerostu-a-kovu\/\" \/>\n<meta property=\"og:site_name\" content=\"IGOPAK\" \/>\n<meta property=\"article:modified_time\" content=\"2025-12-03T10:06:28+00:00\" \/>\n<meta name=\"twitter:card\" content=\"summary_large_image\" \/>\n<meta name=\"twitter:label1\" content=\"Odhadovan\u00e1 doba \u010dten\u00ed\" \/>\n\t<meta name=\"twitter:data1\" content=\"5 minut\" \/>\n<script type=\"application\/ld+json\" class=\"yoast-schema-graph\">{\"@context\":\"https:\/\/schema.org\",\"@graph\":[{\"@type\":\"WebPage\",\"@id\":\"https:\/\/igopak.pl\/cs\/o-nas\/politika-odpovedneho-nakupu-nerostu-a-kovu\/\",\"url\":\"https:\/\/igopak.pl\/cs\/o-nas\/politika-odpovedneho-nakupu-nerostu-a-kovu\/\",\"name\":\"POLITIKA ODPOV\u011aDN\u00c9HO N\u00c1KUPU NEROST\u016e A KOV\u016e - IGOPAK\",\"isPartOf\":{\"@id\":\"https:\/\/igopak.pl\/#website\"},\"datePublished\":\"2025-12-03T10:03:20+00:00\",\"dateModified\":\"2025-12-03T10:06:28+00:00\",\"breadcrumb\":{\"@id\":\"https:\/\/igopak.pl\/cs\/o-nas\/politika-odpovedneho-nakupu-nerostu-a-kovu\/#breadcrumb\"},\"inLanguage\":\"cs\",\"potentialAction\":[{\"@type\":\"ReadAction\",\"target\":[\"https:\/\/igopak.pl\/cs\/o-nas\/politika-odpovedneho-nakupu-nerostu-a-kovu\/\"]}]},{\"@type\":\"BreadcrumbList\",\"@id\":\"https:\/\/igopak.pl\/cs\/o-nas\/politika-odpovedneho-nakupu-nerostu-a-kovu\/#breadcrumb\",\"itemListElement\":[{\"@type\":\"ListItem\",\"position\":1,\"name\":\"Home\",\"item\":\"https:\/\/igopak.pl\/cs\/\"},{\"@type\":\"ListItem\",\"position\":2,\"name\":\"O n\u00e1s\",\"item\":\"https:\/\/igopak.pl\/cs\/o-nas\/\"},{\"@type\":\"ListItem\",\"position\":3,\"name\":\"POLITIKA ODPOV\u011aDN\u00c9HO N\u00c1KUPU NEROST\u016e A KOV\u016e\"}]},{\"@type\":\"WebSite\",\"@id\":\"https:\/\/igopak.pl\/#website\",\"url\":\"https:\/\/igopak.pl\/\",\"name\":\"IGOPAK\",\"description\":\"Strona firmy IGOPAK ze \u015awidnicy\",\"potentialAction\":[{\"@type\":\"SearchAction\",\"target\":{\"@type\":\"EntryPoint\",\"urlTemplate\":\"https:\/\/igopak.pl\/?s={search_term_string}\"},\"query-input\":\"required name=search_term_string\"}],\"inLanguage\":\"cs\"}]}<\/script>\n<!-- \/ Yoast SEO plugin. -->","yoast_head_json":{"title":"POLITIKA ODPOV\u011aDN\u00c9HO N\u00c1KUPU NEROST\u016e A KOV\u016e - IGOPAK","robots":{"index":"index","follow":"follow","max-snippet":"max-snippet:-1","max-image-preview":"max-image-preview:large","max-video-preview":"max-video-preview:-1"},"canonical":"https:\/\/igopak.pl\/cs\/o-nas\/politika-odpovedneho-nakupu-nerostu-a-kovu\/","og_locale":"cs_CZ","og_type":"article","og_title":"POLITIKA ODPOV\u011aDN\u00c9HO N\u00c1KUPU NEROST\u016e A KOV\u016e - IGOPAK","og_description":"[vc_row css_animation=&#8221;&#8221; row_type=&#8221;row&#8221; use_row_as_full_screen_section=&#8221;no&#8221; type=&#8221;full_width&#8221; angled_section=&#8221;no&#8221; text_align=&#8221;left&#8221; background_image_as_pattern=&#8221;without_pattern&#8221;][vc_column][vc_column_text] POLITIKA ODPOV\u011aDN\u00c9HO Z\u00cdSK\u00c1V\u00c1N\u00cd MINER\u00c1L\u016e A KOV\u016e VE SPOLE\u010cNOSTI IGOPAK RO\u015aKOWICZ SP. K. [\/vc_column_text][vc_empty_space][vc_text_separator title=&#8221;1. C\u00edl politiky&#8221; border=&#8221;no&#8221;][vc_empty_space][vc_column_text] C\u00edlem t\u00e9to politiky je stanovit z\u00e1sady odpov\u011bdn\u00e9ho z\u00edsk\u00e1v\u00e1n\u00ed miner\u00e1l\u016f a kov\u016f spole\u010dnost\u00ed Igopak Ro\u015bkowicz Sp. K. v souladu s OECD...","og_url":"https:\/\/igopak.pl\/cs\/o-nas\/politika-odpovedneho-nakupu-nerostu-a-kovu\/","og_site_name":"IGOPAK","article_modified_time":"2025-12-03T10:06:28+00:00","twitter_card":"summary_large_image","twitter_misc":{"Odhadovan\u00e1 doba \u010dten\u00ed":"5 minut"},"schema":{"@context":"https:\/\/schema.org","@graph":[{"@type":"WebPage","@id":"https:\/\/igopak.pl\/cs\/o-nas\/politika-odpovedneho-nakupu-nerostu-a-kovu\/","url":"https:\/\/igopak.pl\/cs\/o-nas\/politika-odpovedneho-nakupu-nerostu-a-kovu\/","name":"POLITIKA ODPOV\u011aDN\u00c9HO N\u00c1KUPU NEROST\u016e A KOV\u016e - IGOPAK","isPartOf":{"@id":"https:\/\/igopak.pl\/#website"},"datePublished":"2025-12-03T10:03:20+00:00","dateModified":"2025-12-03T10:06:28+00:00","breadcrumb":{"@id":"https:\/\/igopak.pl\/cs\/o-nas\/politika-odpovedneho-nakupu-nerostu-a-kovu\/#breadcrumb"},"inLanguage":"cs","potentialAction":[{"@type":"ReadAction","target":["https:\/\/igopak.pl\/cs\/o-nas\/politika-odpovedneho-nakupu-nerostu-a-kovu\/"]}]},{"@type":"BreadcrumbList","@id":"https:\/\/igopak.pl\/cs\/o-nas\/politika-odpovedneho-nakupu-nerostu-a-kovu\/#breadcrumb","itemListElement":[{"@type":"ListItem","position":1,"name":"Home","item":"https:\/\/igopak.pl\/cs\/"},{"@type":"ListItem","position":2,"name":"O n\u00e1s","item":"https:\/\/igopak.pl\/cs\/o-nas\/"},{"@type":"ListItem","position":3,"name":"POLITIKA ODPOV\u011aDN\u00c9HO N\u00c1KUPU NEROST\u016e A KOV\u016e"}]},{"@type":"WebSite","@id":"https:\/\/igopak.pl\/#website","url":"https:\/\/igopak.pl\/","name":"IGOPAK","description":"Strona firmy IGOPAK ze \u015awidnicy","potentialAction":[{"@type":"SearchAction","target":{"@type":"EntryPoint","urlTemplate":"https:\/\/igopak.pl\/?s={search_term_string}"},"query-input":"required name=search_term_string"}],"inLanguage":"cs"}]}},"_links":{"self":[{"href":"https:\/\/igopak.pl\/cs\/wp-json\/wp\/v2\/pages\/22055"}],"collection":[{"href":"https:\/\/igopak.pl\/cs\/wp-json\/wp\/v2\/pages"}],"about":[{"href":"https:\/\/igopak.pl\/cs\/wp-json\/wp\/v2\/types\/page"}],"author":[{"embeddable":true,"href":"https:\/\/igopak.pl\/cs\/wp-json\/wp\/v2\/users\/1"}],"replies":[{"embeddable":true,"href":"https:\/\/igopak.pl\/cs\/wp-json\/wp\/v2\/comments?post=22055"}],"version-history":[{"count":1,"href":"https:\/\/igopak.pl\/cs\/wp-json\/wp\/v2\/pages\/22055\/revisions"}],"predecessor-version":[{"id":22056,"href":"https:\/\/igopak.pl\/cs\/wp-json\/wp\/v2\/pages\/22055\/revisions\/22056"}],"up":[{"embeddable":true,"href":"https:\/\/igopak.pl\/cs\/wp-json\/wp\/v2\/pages\/17859"}],"wp:attachment":[{"href":"https:\/\/igopak.pl\/cs\/wp-json\/wp\/v2\/media?parent=22055"}],"curies":[{"name":"wp","href":"https:\/\/api.w.org\/{rel}","templated":true}]}}