{"id":18641,"date":"2020-06-24T01:56:28","date_gmt":"2020-06-23T23:56:28","guid":{"rendered":"https:\/\/igopak.pl\/de\/renovation\/"},"modified":"2020-08-05T23:47:50","modified_gmt":"2020-08-05T21:47:50","slug":"renovierungreparatur","status":"publish","type":"page","link":"https:\/\/igopak.pl\/de\/renovierungreparatur\/","title":{"rendered":"Renovierung \/ Reparatur"},"content":{"rendered":"<section class=\"wpb-content-wrapper\"><p>[vc_row row_type=&#8221;row&#8221; use_row_as_full_screen_section=&#8221;no&#8221; type=&#8221;full_width&#8221; angled_section=&#8221;no&#8221; text_align=&#8221;left&#8221; background_image_as_pattern=&#8221;without_pattern&#8221; css_animation=&#8221;&#8221;][vc_column][vc_column_text]<\/p>\n<h2>Au\u00dfer der Erstellung sowie Produktion von neuen Verpackungen , besch\u00e4ftigen wir uns ebenfalls mit der Renovierung\/Reparatur sowie Modifizierung bereits vorhandener Projekte.<\/h2>\n<p>[\/vc_column_text][vc_separator type=&#8221;transparent&#8221; thickness=&#8221;20&#8243;][vc_row_inner row_type=&#8221;row&#8221; type=&#8221;full_width&#8221; text_align=&#8221;left&#8221; css_animation=&#8221;&#8221;][vc_column_inner width=&#8221;1\/2&#8243;][vc_column_text]<\/p>\n<h3>Umfassende \u00c4nderungen<span class=\"Apple-converted-space\">\u00a0<\/span><\/h3>\n<p>Unser Service umfasst Stahlbeh\u00e4lter sowie Textilgefache. Der<span class=\"Apple-converted-space\">\u00a0 <\/span>Maschinenpark erlaubt es uns ebenfalls \u00c4nderungen in Spritzgussbeh\u00e4ltern vorzunehmen. Nach Absprache mit dem Kunden werden die Arbeitsma\u00dfnahmen bzw. Reparaturarbeiten durchgesprochen , es wird ein Muster erstellt und daraufhin wird ein Angebot mit dementsprechenden Terminen sowie Preisen vorgelegt.<span class=\"Apple-converted-space\">\u00a0<\/span>[\/vc_column_text][vc_separator type=&#8221;transparent&#8221; thickness=&#8221;20&#8243;][\/vc_column_inner][vc_column_inner width=&#8221;1\/2&#8243;][vc_column_text]<\/p>\n<h3>Zweites Leben<span class=\"Apple-converted-space\">\u00a0<\/span><\/h3>\n<p>Unsere Ma\u00dfnahmen haben das Ziel dem Kunden die volle Funktionalit\u00e4t der Beh\u00e4lter zur\u00fcck zu geben. Dies erlaubt uns dem Kunden Ersparnisse einzubringen. Mit der Reparatur der Beh\u00e4lter unterst\u00fctzen wir die Umwelt , indem wir keinen Abfall generieren sondern bestehende Beh\u00e4lter reparieren. Im Sinne : Reparieren statt entsorgen.<span class=\"Apple-converted-space\">\u00a0<\/span>[\/vc_column_text][vc_separator type=&#8221;transparent&#8221; thickness=&#8221;20&#8243;][\/vc_column_inner][\/vc_row_inner][\/vc_column][\/vc_row][vc_row row_type=&#8221;row&#8221; use_row_as_full_screen_section=&#8221;no&#8221; type=&#8221;full_width&#8221; angled_section=&#8221;no&#8221; text_align=&#8221;left&#8221; background_image_as_pattern=&#8221;without_pattern&#8221; css_animation=&#8221;&#8221;][vc_column width=&#8221;2\/3&#8243;]<blockquote class=' with_quote_icon' style=''><i class='fa fa-quote-right' style=''><\/i><h5 class='blockquote-text' style=''>Indem wir den Beh\u00e4ltern ein zweites Leben geben, unterst\u00fctzen wir in gro\u00dfer Form unsere Umwelt.<\/h5><\/blockquote>[\/vc_column][vc_column width=&#8221;1\/3&#8243;][vc_single_image image=&#8221;18394&#8243; alignment=&#8221;center&#8221; onclick=&#8221;custom_link&#8221; qode_css_animation=&#8221;element_from_fade&#8221; transition_delay=&#8221;3&#8243; qode_hover_animation=&#8221;zoom_in&#8221; link=&#8221;https:\/\/igopak.pl\/de\/ueber-uns\/&#8221;][\/vc_column][\/vc_row][vc_row row_type=&#8221;row&#8221; use_row_as_full_screen_section=&#8221;no&#8221; type=&#8221;full_width&#8221; angled_section=&#8221;no&#8221; text_align=&#8221;left&#8221; background_image_as_pattern=&#8221;without_pattern&#8221; css_animation=&#8221;&#8221;][vc_column][vc_separator type=&#8221;transparent&#8221; thickness=&#8221;20&#8243;][vc_text_separator title=&#8221;Beh\u00e4lter vor der Regenerierung \/Beh\u00e4lter nach der Regenerierung&#8221; border=&#8221;no&#8221;][vc_separator type=&#8221;transparent&#8221; thickness=&#8221;20&#8243;]<div class=\"cq-beforeafter \" data-autoslide=\"2\" data-iconcolor=\"\" data-handlestyle=\"lightgray\" data-handlecolor=\"\" data-captioncolor=\"\" data-captionbg=\"\" data-captionminwidth=\"\"><img decoding=\"async\" class=\"cq-beforeafter-img lazyload\" data-src=\"https:\/\/igopak.pl\/wp-content\/uploads\/2020\/06\/igopak-renovation2_new.jpg\" alt=\"\" src=\"data:image\/gif;base64,R0lGODlhAQABAAAAACH5BAEKAAEALAAAAAABAAEAAAICTAEAOw==\" style=\"--smush-placeholder-width: 1920px; --smush-placeholder-aspect-ratio: 1920\/1080;\" \/><noscript><img decoding=\"async\" class=\"cq-beforeafter-img\" src=\"https:\/\/igopak.pl\/wp-content\/uploads\/2020\/06\/igopak-renovation2_new.jpg\" alt=\"\" \/><\/noscript><div class=\"cq-beforeafter-resize\"><img decoding=\"async\" class=\"cq-beforeafter-img lazyload\" data-src=\"https:\/\/igopak.pl\/wp-content\/uploads\/2020\/06\/igopak-renovation1_old.jpg\" alt=\"\" src=\"data:image\/gif;base64,R0lGODlhAQABAAAAACH5BAEKAAEALAAAAAABAAEAAAICTAEAOw==\" style=\"--smush-placeholder-width: 1920px; --smush-placeholder-aspect-ratio: 1920\/1080;\" \/><noscript><img decoding=\"async\" class=\"cq-beforeafter-img\" src=\"https:\/\/igopak.pl\/wp-content\/uploads\/2020\/06\/igopak-renovation1_old.jpg\" alt=\"\" \/><\/noscript><\/div><span class=\"cq-beforeafter-handle lightgray\"><i class=\"fa fa-arrows-h\" title=\"\"><\/i> <\/span><\/div>[vc_separator type=&#8221;transparent&#8221; thickness=&#8221;20&#8243;][vc_column_text]<\/p>\n<h3>Wir bieten unseren Kunden an:<\/h3>\n<ul>\n<li>F\u00fcr Textilgefache bieten wir den Austausch diverser besch\u00e4digter Elemente an oder die Modifizierung \/ Reparatur des bestehenden Gefaches.<\/li>\n<li>F\u00fcr Stahlbeh\u00e4lter bieten wir die Reparatur \/ Austausch besch\u00e4digter Elemente an. Die Wiederherstellung der exakten Geometrie , der Konstruktion , des erneuten Sandstrahlen , der erneuten Bemalung sowie der letztendlichen Montage .<\/li>\n<\/ul>\n<p>[\/vc_column_text][vc_separator type=&#8221;transparent&#8221; thickness=&#8221;20&#8243;][\/vc_column][\/vc_row]<\/p>\n<\/section>","protected":false},"excerpt":{"rendered":"<p>[vc_row row_type=&#8221;row&#8221; use_row_as_full_screen_section=&#8221;no&#8221; type=&#8221;full_width&#8221; angled_section=&#8221;no&#8221; text_align=&#8221;left&#8221; background_image_as_pattern=&#8221;without_pattern&#8221; css_animation=&#8221;&#8221;][vc_column][vc_column_text] Au\u00dfer der Erstellung sowie Produktion von neuen Verpackungen , besch\u00e4ftigen wir uns ebenfalls mit der Renovierung\/Reparatur sowie Modifizierung bereits vorhandener Projekte. [\/vc_column_text][vc_separator type=&#8221;transparent&#8221; thickness=&#8221;20&#8243;][vc_row_inner row_type=&#8221;row&#8221; type=&#8221;full_width&#8221; text_align=&#8221;left&#8221; css_animation=&#8221;&#8221;][vc_column_inner width=&#8221;1\/2&#8243;][vc_column_text] Umfassende \u00c4nderungen\u00a0 Unser Service umfasst Stahlbeh\u00e4lter sowie Textilgefache&#8230;.<\/p>\n","protected":false},"author":1,"featured_media":0,"parent":0,"menu_order":0,"comment_status":"closed","ping_status":"closed","template":"","meta":{"inline_featured_image":false,"footnotes":""},"yoast_head":"<!-- This site is optimized with the Yoast SEO plugin v22.7 - https:\/\/yoast.com\/wordpress\/plugins\/seo\/ -->\n<title>Renovierung \/ Reparatur - IGOPAK<\/title>\n<meta name=\"robots\" content=\"index, follow, max-snippet:-1, max-image-preview:large, max-video-preview:-1\" \/>\n<link rel=\"canonical\" href=\"https:\/\/igopak.pl\/de\/renovierungreparatur\/\" \/>\n<meta property=\"og:locale\" content=\"de_DE\" \/>\n<meta property=\"og:type\" content=\"article\" \/>\n<meta property=\"og:title\" content=\"Renovierung \/ Reparatur - IGOPAK\" \/>\n<meta property=\"og:description\" content=\"[vc_row row_type=&#8221;row&#8221; use_row_as_full_screen_section=&#8221;no&#8221; type=&#8221;full_width&#8221; angled_section=&#8221;no&#8221; text_align=&#8221;left&#8221; background_image_as_pattern=&#8221;without_pattern&#8221; css_animation=&#8221;&#8221;][vc_column][vc_column_text] Au\u00dfer der Erstellung sowie Produktion von neuen Verpackungen , besch\u00e4ftigen wir uns ebenfalls mit der Renovierung\/Reparatur sowie Modifizierung bereits vorhandener Projekte. [\/vc_column_text][vc_separator type=&#8221;transparent&#8221; thickness=&#8221;20&#8243;][vc_row_inner row_type=&#8221;row&#8221; type=&#8221;full_width&#8221; text_align=&#8221;left&#8221; css_animation=&#8221;&#8221;][vc_column_inner width=&#8221;1\/2&#8243;][vc_column_text] Umfassende \u00c4nderungen\u00a0 Unser Service umfasst Stahlbeh\u00e4lter sowie Textilgefache....\" \/>\n<meta property=\"og:url\" content=\"https:\/\/igopak.pl\/de\/renovierungreparatur\/\" \/>\n<meta property=\"og:site_name\" content=\"IGOPAK\" \/>\n<meta property=\"article:modified_time\" content=\"2020-08-05T21:47:50+00:00\" \/>\n<meta name=\"twitter:card\" content=\"summary_large_image\" \/>\n<meta name=\"twitter:label1\" content=\"Gesch\u00e4tzte Lesezeit\" \/>\n\t<meta name=\"twitter:data1\" content=\"2 Minuten\" \/>\n<script type=\"application\/ld+json\" class=\"yoast-schema-graph\">{\"@context\":\"https:\/\/schema.org\",\"@graph\":[{\"@type\":\"WebPage\",\"@id\":\"https:\/\/igopak.pl\/de\/renovierungreparatur\/\",\"url\":\"https:\/\/igopak.pl\/de\/renovierungreparatur\/\",\"name\":\"Renovierung \/ Reparatur - IGOPAK\",\"isPartOf\":{\"@id\":\"https:\/\/igopak.pl\/#website\"},\"datePublished\":\"2020-06-23T23:56:28+00:00\",\"dateModified\":\"2020-08-05T21:47:50+00:00\",\"breadcrumb\":{\"@id\":\"https:\/\/igopak.pl\/de\/renovierungreparatur\/#breadcrumb\"},\"inLanguage\":\"de-DE\",\"potentialAction\":[{\"@type\":\"ReadAction\",\"target\":[\"https:\/\/igopak.pl\/de\/renovierungreparatur\/\"]}]},{\"@type\":\"BreadcrumbList\",\"@id\":\"https:\/\/igopak.pl\/de\/renovierungreparatur\/#breadcrumb\",\"itemListElement\":[{\"@type\":\"ListItem\",\"position\":1,\"name\":\"Home\",\"item\":\"https:\/\/igopak.pl\/de\/\"},{\"@type\":\"ListItem\",\"position\":2,\"name\":\"Renovierung \/ Reparatur\"}]},{\"@type\":\"WebSite\",\"@id\":\"https:\/\/igopak.pl\/#website\",\"url\":\"https:\/\/igopak.pl\/\",\"name\":\"IGOPAK\",\"description\":\"Strona firmy IGOPAK ze \u015awidnicy\",\"potentialAction\":[{\"@type\":\"SearchAction\",\"target\":{\"@type\":\"EntryPoint\",\"urlTemplate\":\"https:\/\/igopak.pl\/?s={search_term_string}\"},\"query-input\":\"required name=search_term_string\"}],\"inLanguage\":\"de-DE\"}]}<\/script>\n<!-- \/ Yoast SEO plugin. -->","yoast_head_json":{"title":"Renovierung \/ Reparatur - IGOPAK","robots":{"index":"index","follow":"follow","max-snippet":"max-snippet:-1","max-image-preview":"max-image-preview:large","max-video-preview":"max-video-preview:-1"},"canonical":"https:\/\/igopak.pl\/de\/renovierungreparatur\/","og_locale":"de_DE","og_type":"article","og_title":"Renovierung \/ Reparatur - IGOPAK","og_description":"[vc_row row_type=&#8221;row&#8221; use_row_as_full_screen_section=&#8221;no&#8221; type=&#8221;full_width&#8221; angled_section=&#8221;no&#8221; text_align=&#8221;left&#8221; background_image_as_pattern=&#8221;without_pattern&#8221; css_animation=&#8221;&#8221;][vc_column][vc_column_text] Au\u00dfer der Erstellung sowie Produktion von neuen Verpackungen , besch\u00e4ftigen wir uns ebenfalls mit der Renovierung\/Reparatur sowie Modifizierung bereits vorhandener Projekte. [\/vc_column_text][vc_separator type=&#8221;transparent&#8221; thickness=&#8221;20&#8243;][vc_row_inner row_type=&#8221;row&#8221; type=&#8221;full_width&#8221; text_align=&#8221;left&#8221; css_animation=&#8221;&#8221;][vc_column_inner width=&#8221;1\/2&#8243;][vc_column_text] Umfassende \u00c4nderungen\u00a0 Unser Service umfasst Stahlbeh\u00e4lter sowie Textilgefache....","og_url":"https:\/\/igopak.pl\/de\/renovierungreparatur\/","og_site_name":"IGOPAK","article_modified_time":"2020-08-05T21:47:50+00:00","twitter_card":"summary_large_image","twitter_misc":{"Gesch\u00e4tzte Lesezeit":"2 Minuten"},"schema":{"@context":"https:\/\/schema.org","@graph":[{"@type":"WebPage","@id":"https:\/\/igopak.pl\/de\/renovierungreparatur\/","url":"https:\/\/igopak.pl\/de\/renovierungreparatur\/","name":"Renovierung \/ Reparatur - IGOPAK","isPartOf":{"@id":"https:\/\/igopak.pl\/#website"},"datePublished":"2020-06-23T23:56:28+00:00","dateModified":"2020-08-05T21:47:50+00:00","breadcrumb":{"@id":"https:\/\/igopak.pl\/de\/renovierungreparatur\/#breadcrumb"},"inLanguage":"de-DE","potentialAction":[{"@type":"ReadAction","target":["https:\/\/igopak.pl\/de\/renovierungreparatur\/"]}]},{"@type":"BreadcrumbList","@id":"https:\/\/igopak.pl\/de\/renovierungreparatur\/#breadcrumb","itemListElement":[{"@type":"ListItem","position":1,"name":"Home","item":"https:\/\/igopak.pl\/de\/"},{"@type":"ListItem","position":2,"name":"Renovierung \/ Reparatur"}]},{"@type":"WebSite","@id":"https:\/\/igopak.pl\/#website","url":"https:\/\/igopak.pl\/","name":"IGOPAK","description":"Strona firmy IGOPAK ze \u015awidnicy","potentialAction":[{"@type":"SearchAction","target":{"@type":"EntryPoint","urlTemplate":"https:\/\/igopak.pl\/?s={search_term_string}"},"query-input":"required name=search_term_string"}],"inLanguage":"de-DE"}]}},"_links":{"self":[{"href":"https:\/\/igopak.pl\/de\/wp-json\/wp\/v2\/pages\/18641"}],"collection":[{"href":"https:\/\/igopak.pl\/de\/wp-json\/wp\/v2\/pages"}],"about":[{"href":"https:\/\/igopak.pl\/de\/wp-json\/wp\/v2\/types\/page"}],"author":[{"embeddable":true,"href":"https:\/\/igopak.pl\/de\/wp-json\/wp\/v2\/users\/1"}],"replies":[{"embeddable":true,"href":"https:\/\/igopak.pl\/de\/wp-json\/wp\/v2\/comments?post=18641"}],"version-history":[{"count":5,"href":"https:\/\/igopak.pl\/de\/wp-json\/wp\/v2\/pages\/18641\/revisions"}],"predecessor-version":[{"id":18646,"href":"https:\/\/igopak.pl\/de\/wp-json\/wp\/v2\/pages\/18641\/revisions\/18646"}],"wp:attachment":[{"href":"https:\/\/igopak.pl\/de\/wp-json\/wp\/v2\/media?parent=18641"}],"curies":[{"name":"wp","href":"https:\/\/api.w.org\/{rel}","templated":true}]}}