{"id":22049,"date":"2025-12-03T11:00:07","date_gmt":"2025-12-03T10:00:07","guid":{"rendered":"https:\/\/igopak.pl\/?page_id=22049"},"modified":"2025-12-03T11:00:07","modified_gmt":"2025-12-03T10:00:07","slug":"politik-der-verantwortungsvollen-beschaffung-von-mineralien-und-metallen","status":"publish","type":"page","link":"https:\/\/igopak.pl\/de\/ueber-uns\/politik-der-verantwortungsvollen-beschaffung-von-mineralien-und-metallen\/","title":{"rendered":"POLITIK DER VERANTWORTUNGSVOLLEN BESCHAFFUNG VON MINERALIEN UND METALLEN"},"content":{"rendered":"<section class=\"wpb-content-wrapper\"><p>[vc_row css_animation=&#8221;&#8221; row_type=&#8221;row&#8221; use_row_as_full_screen_section=&#8221;no&#8221; type=&#8221;full_width&#8221; angled_section=&#8221;no&#8221; text_align=&#8221;left&#8221; background_image_as_pattern=&#8221;without_pattern&#8221;][vc_column][vc_column_text]<\/p>\n<h2>RICHTLINIE F\u00dcR DIE VERANTWORTUNGSVOLLE BESCHAFFUNG VON MINERALIEN UND METALLEN BEI IGOPAK RO\u015aKOWICZ SP. K.<\/h2>\n<p>[\/vc_column_text][vc_empty_space][vc_text_separator title=&#8221;1. Ziel der Richtlinie&#8221; border=&#8221;no&#8221;][vc_empty_space][vc_column_text]<\/p>\n<p style=\"font-weight: 400;\">Ziel dieser Richtlinie ist es, die Grunds\u00e4tze der verantwortungsvollen Beschaffung von Mineralien und Metallen durch <strong>Igopak Ro\u015bkowicz Sp. K.<\/strong> festzulegen, gem\u00e4\u00df den <strong>OECD Due Diligence Guidance for Responsible Supply Chains of Minerals from Conflict-Affected and High-Risk Areas<\/strong> sowie den Anforderungen der Kunden aus der Automobil- und Industriebranche.<\/p>\n<p style=\"font-weight: 400;\">Diese Richtlinie stellt das Bekenntnis des Unternehmens dar, jegliche direkte oder indirekte Unterst\u00fctzung bewaffneter Konflikte, Menschenrechtsverletzungen oder Umweltzerst\u00f6rung durch die Lieferkette der Rohstoffe zu vermeiden.<\/p>\n<p>[\/vc_column_text][vc_empty_space][vc_text_separator title=&#8221;2. Geltungsbereich&#8221; border=&#8221;no&#8221;][vc_empty_space][vc_column_text]<\/p>\n<p style=\"font-weight: 400;\">Diese Richtlinie gilt f\u00fcr alle Einkaufsaktivit\u00e4ten von Igopak, insbesondere f\u00fcr die Beschaffung von Rohstoffen, Komponenten und Materialien, die sogenannte <strong>3TG-Mineralien<\/strong> (Zinn, Tantal, Wolfram, Gold) oder andere Metalle enthalten k\u00f6nnen, die den Anforderungen an eine verantwortungsvolle Beschaffung unterliegen, wie beispielsweise Kupfer und dessen Derivate. Derzeit <strong>kauft das Unternehmen keine in den 3TG-Regelungen aufgef\u00fchrten Mineralien oder Metalle<\/strong>, ist jedoch darauf vorbereitet, alle in dieser Richtlinie festgelegten Anforderungen zu erf\u00fcllen, falls sich der Umfang der Einkaufsaktivit\u00e4ten \u00e4ndern sollte.<\/p>\n<p>[\/vc_column_text][vc_empty_space][vc_text_separator title=&#8221;3. Grunds\u00e4tze der verantwortungsvollen Beschaffung&#8221; border=&#8221;no&#8221;][vc_empty_space][vc_column_text]<\/p>\n<p style=\"font-weight: 400;\"><strong>3.1. Einf\u00fchrung der Richtlinie<\/strong><\/p>\n<p style=\"font-weight: 400;\">Igopak hat diese Richtlinie zur verantwortungsvollen Beschaffung von Mineralien und Metallen als Bestandteil seines Umwelt-, Qualit\u00e4ts- und Kundenanforderungsmanagementsystems entwickelt und implementiert.<\/p>\n<p style=\"font-weight: 400;\"><strong>3.2. \u00d6ffentliche Zug\u00e4nglichkeit<\/strong><\/p>\n<p style=\"font-weight: 400;\">Die Richtlinie ist allen Mitarbeitern und Gesch\u00e4ftspartnern im <strong>lokalen Netzwerk (LAN) sowie auf der Unternehmenswebsite<\/strong> zug\u00e4nglich. Auf Anfrage kann sie auch elektronisch an Vertragspartner \u00fcbermittelt werden.<\/p>\n<p style=\"font-weight: 400;\"><strong>3.3. Anforderungen an Lieferanten<\/strong><\/p>\n<p style=\"font-weight: 400;\">Beim Einkauf von Rohstoffen oder Komponenten, die regulierte Mineralien\/Metalle (3TG, Kupfer usw.) enthalten, verlangt Igopak von seinen <strong>direkten Lieferanten<\/strong>:<\/p>\n<ul style=\"font-weight: 400;\">\n<li>Materialien ausschlie\u00dflich von Schmelzh\u00fctten oder Raffinerien zu beziehen, deren Sorgfaltspflichten durch <strong>unabh\u00e4ngige externe Audits<\/strong> (z. B. im Rahmen des <strong>RMI\/RMAP<\/strong>-Programms) \u00fcberpr\u00fcft wurden,<\/li>\n<li>zuverl\u00e4ssige Daten \u00fcber die Herkunft der Mineralien innerhalb der Lieferkette bereitzustellen.<\/li>\n<\/ul>\n<p style=\"font-weight: 400;\"><strong>3.4. Sorgfaltspflicht (Due Diligence)<\/strong><\/p>\n<p style=\"font-weight: 400;\">Igopak wird Sorgfaltspflichtprozesse gem\u00e4\u00df den <strong>OECD-Leitlinien<\/strong> implementieren, um sicherzustellen, dass in den Produktionsprozessen verwendete Rohstoffe nicht aus Konfliktgebieten oder illegalen Quellen stammen. Dieser Prozess umfasst Risikoanalysen, Lieferantenbewertungen und die Dokumentation der Materialherkunft.<\/p>\n<p style=\"font-weight: 400;\"><strong>3.5. Umfragen und Bewertung der Lieferkette<\/strong><\/p>\n<p style=\"font-weight: 400;\">Wenn Produkte mit den genannten Mineralien oder Metallen auf den Markt gebracht werden, f\u00fchrt Igopak <strong>Lieferantenumfragen<\/strong> (z. B. basierend auf EMRT\/CMRT-Formularen) durch, um Daten \u00fcber die Herkunft der Materialien zu sammeln.<\/p>\n<p style=\"font-weight: 400;\"><strong>3.6. \u00dcberpr\u00fcfung der Lieferanteninformationen<\/strong><\/p>\n<p style=\"font-weight: 400;\">Die von den Lieferanten bereitgestellten Informationen zur Sorgfaltspflicht werden <strong>\u00fcberpr\u00fcft und auf \u00dcbereinstimmung mit den Erwartungen des Unternehmens<\/strong> sowie mit den Grunds\u00e4tzen der verantwortungsvollen Beschaffung bewertet.<\/p>\n<ul>\n<li><strong>Korrekturma\u00dfnahmen<\/strong><\/li>\n<\/ul>\n<p style=\"font-weight: 400;\">Bei Feststellung von Unstimmigkeiten oder mangelnder Transparenz hinsichtlich der Mineralienherkunft wird Igopak <strong>Korrekturma\u00dfnahmen<\/strong> ergreifen, wie zum Beispiel:<\/p>\n<ul style=\"font-weight: 400;\">\n<li>erneute Anforderung von Herkunftsdaten,<\/li>\n<li>vor\u00fcbergehende Aussetzung der Zusammenarbeit,<\/li>\n<li>oder im Extremfall \u2013 Beendigung der Zusammenarbeit mit Lieferanten, die die Standards der verantwortungsvollen Beschaffung nicht erf\u00fcllen.<\/li>\n<\/ul>\n<p>[\/vc_column_text][vc_empty_space][vc_text_separator title=&#8221;4. Verantwortung und Aufsicht&#8221; border=&#8221;no&#8221;][vc_empty_space][vc_column_text]<\/p>\n<p style=\"font-weight: 400;\">F\u00fcr die Umsetzung und \u00dcberwachung dieser Richtlinie ist der <strong>ISMS-Beauftragte<\/strong> in Zusammenarbeit mit der Einkaufsabteilung und der Produktionsleitung verantwortlich. Die Richtlinie wird regelm\u00e4\u00dfig (mindestens einmal j\u00e4hrlich) \u00fcberpr\u00fcft und im Falle regulatorischer \u00c4nderungen oder neuer Kundenanforderungen aktualisiert.<\/p>\n<p>[\/vc_column_text][vc_empty_space][vc_text_separator title=&#8221;5. Inkrafttreten&#8221; border=&#8221;no&#8221;][vc_empty_space][vc_column_text]<\/p>\n<ul>\n<li>Die Richtlinie ist seit <strong>10.2025<\/strong> in Kraft.<\/li>\n<\/ul>\n<p>[\/vc_column_text][vc_column_text]<\/p>\n<p style=\"text-align: right;\"><strong>Vorstandsmitglied<\/strong><\/p>\n<p style=\"text-align: right;\">Wojciech Ro\u015bkowicz<\/p>\n<p>[\/vc_column_text][\/vc_column][\/vc_row][vc_row css_animation=&#8221;&#8221; row_type=&#8221;row&#8221; use_row_as_full_screen_section=&#8221;no&#8221; type=&#8221;full_width&#8221; angled_section=&#8221;no&#8221; text_align=&#8221;left&#8221; background_image_as_pattern=&#8221;without_pattern&#8221;][vc_column][vc_column_text]<br \/>\n[\/vc_column_text][\/vc_column][\/vc_row][vc_row css_animation=&#8221;&#8221; row_type=&#8221;row&#8221; use_row_as_full_screen_section=&#8221;no&#8221; type=&#8221;full_width&#8221; angled_section=&#8221;no&#8221; text_align=&#8221;center&#8221; background_image_as_pattern=&#8221;without_pattern&#8221; css=&#8221;.vc_custom_1634710273331{margin-bottom: 50px !important;}&#8221;][vc_column width=&#8221;1\/2&#8243;]<a  itemprop=\"url\" href=\"https:\/\/igopak.pl\/wp-content\/uploads\/2025\/11\/Polityka-odpowiedzialnego-pozyskiwania-mineralow-i-metali.pdf\" target=\"_self\"  class=\"qbutton  default\" style=\"\">PDF herunterladen<i class=\"qode_icon_font_awesome fa fa-angle-down qode_button_icon_element\" style=\"\" ><\/i><\/a>[\/vc_column][vc_column width=&#8221;1\/2&#8243;]<a  itemprop=\"url\" href=\"https:\/\/igopak.pl\/o-nas#polityka\" target=\"_self\"  class=\"qbutton  default\" style=\"\">Zur\u00fcck<i class=\"qode_icon_font_awesome fa fa-angle-left qode_button_icon_element\" style=\"\" ><\/i><\/a>[\/vc_column][\/vc_row]<\/p>\n<\/section>","protected":false},"excerpt":{"rendered":"<p>[vc_row css_animation=&#8221;&#8221; row_type=&#8221;row&#8221; use_row_as_full_screen_section=&#8221;no&#8221; type=&#8221;full_width&#8221; angled_section=&#8221;no&#8221; text_align=&#8221;left&#8221; background_image_as_pattern=&#8221;without_pattern&#8221;][vc_column][vc_column_text] RICHTLINIE F\u00dcR DIE VERANTWORTUNGSVOLLE BESCHAFFUNG VON MINERALIEN UND METALLEN BEI IGOPAK RO\u015aKOWICZ SP. K. [\/vc_column_text][vc_empty_space][vc_text_separator title=&#8221;1. Ziel der Richtlinie&#8221; border=&#8221;no&#8221;][vc_empty_space][vc_column_text] Ziel dieser Richtlinie ist es, die Grunds\u00e4tze der verantwortungsvollen Beschaffung von Mineralien und Metallen durch Igopak Ro\u015bkowicz&#8230;<\/p>\n","protected":false},"author":1,"featured_media":0,"parent":17496,"menu_order":0,"comment_status":"closed","ping_status":"closed","template":"","meta":{"inline_featured_image":false,"footnotes":""},"yoast_head":"<!-- This site is optimized with the Yoast SEO plugin v22.7 - https:\/\/yoast.com\/wordpress\/plugins\/seo\/ -->\n<title>POLITIK DER VERANTWORTUNGSVOLLEN BESCHAFFUNG VON MINERALIEN UND METALLEN - IGOPAK<\/title>\n<meta name=\"robots\" content=\"index, follow, max-snippet:-1, max-image-preview:large, max-video-preview:-1\" \/>\n<link rel=\"canonical\" href=\"https:\/\/igopak.pl\/de\/ueber-uns\/politik-der-verantwortungsvollen-beschaffung-von-mineralien-und-metallen\/\" \/>\n<meta property=\"og:locale\" content=\"de_DE\" \/>\n<meta property=\"og:type\" content=\"article\" \/>\n<meta property=\"og:title\" content=\"POLITIK DER VERANTWORTUNGSVOLLEN BESCHAFFUNG VON MINERALIEN UND METALLEN - IGOPAK\" \/>\n<meta property=\"og:description\" content=\"[vc_row css_animation=&#8221;&#8221; row_type=&#8221;row&#8221; use_row_as_full_screen_section=&#8221;no&#8221; type=&#8221;full_width&#8221; angled_section=&#8221;no&#8221; text_align=&#8221;left&#8221; background_image_as_pattern=&#8221;without_pattern&#8221;][vc_column][vc_column_text] RICHTLINIE F\u00dcR DIE VERANTWORTUNGSVOLLE BESCHAFFUNG VON MINERALIEN UND METALLEN BEI IGOPAK RO\u015aKOWICZ SP. K. [\/vc_column_text][vc_empty_space][vc_text_separator title=&#8221;1. Ziel der Richtlinie&#8221; border=&#8221;no&#8221;][vc_empty_space][vc_column_text] Ziel dieser Richtlinie ist es, die Grunds\u00e4tze der verantwortungsvollen Beschaffung von Mineralien und Metallen durch Igopak Ro\u015bkowicz...\" \/>\n<meta property=\"og:url\" content=\"https:\/\/igopak.pl\/de\/ueber-uns\/politik-der-verantwortungsvollen-beschaffung-von-mineralien-und-metallen\/\" \/>\n<meta property=\"og:site_name\" content=\"IGOPAK\" \/>\n<meta name=\"twitter:card\" content=\"summary_large_image\" \/>\n<meta name=\"twitter:label1\" content=\"Gesch\u00e4tzte Lesezeit\" \/>\n\t<meta name=\"twitter:data1\" content=\"4 Minuten\" \/>\n<script type=\"application\/ld+json\" class=\"yoast-schema-graph\">{\"@context\":\"https:\/\/schema.org\",\"@graph\":[{\"@type\":\"WebPage\",\"@id\":\"https:\/\/igopak.pl\/de\/ueber-uns\/politik-der-verantwortungsvollen-beschaffung-von-mineralien-und-metallen\/\",\"url\":\"https:\/\/igopak.pl\/de\/ueber-uns\/politik-der-verantwortungsvollen-beschaffung-von-mineralien-und-metallen\/\",\"name\":\"POLITIK DER VERANTWORTUNGSVOLLEN BESCHAFFUNG VON MINERALIEN UND METALLEN - IGOPAK\",\"isPartOf\":{\"@id\":\"https:\/\/igopak.pl\/#website\"},\"datePublished\":\"2025-12-03T10:00:07+00:00\",\"dateModified\":\"2025-12-03T10:00:07+00:00\",\"breadcrumb\":{\"@id\":\"https:\/\/igopak.pl\/de\/ueber-uns\/politik-der-verantwortungsvollen-beschaffung-von-mineralien-und-metallen\/#breadcrumb\"},\"inLanguage\":\"de-DE\",\"potentialAction\":[{\"@type\":\"ReadAction\",\"target\":[\"https:\/\/igopak.pl\/de\/ueber-uns\/politik-der-verantwortungsvollen-beschaffung-von-mineralien-und-metallen\/\"]}]},{\"@type\":\"BreadcrumbList\",\"@id\":\"https:\/\/igopak.pl\/de\/ueber-uns\/politik-der-verantwortungsvollen-beschaffung-von-mineralien-und-metallen\/#breadcrumb\",\"itemListElement\":[{\"@type\":\"ListItem\",\"position\":1,\"name\":\"Home\",\"item\":\"https:\/\/igopak.pl\/de\/\"},{\"@type\":\"ListItem\",\"position\":2,\"name\":\"\u00dcber Uns\",\"item\":\"https:\/\/igopak.pl\/de\/ueber-uns\/\"},{\"@type\":\"ListItem\",\"position\":3,\"name\":\"POLITIK DER VERANTWORTUNGSVOLLEN BESCHAFFUNG VON MINERALIEN UND METALLEN\"}]},{\"@type\":\"WebSite\",\"@id\":\"https:\/\/igopak.pl\/#website\",\"url\":\"https:\/\/igopak.pl\/\",\"name\":\"IGOPAK\",\"description\":\"Strona firmy IGOPAK ze \u015awidnicy\",\"potentialAction\":[{\"@type\":\"SearchAction\",\"target\":{\"@type\":\"EntryPoint\",\"urlTemplate\":\"https:\/\/igopak.pl\/?s={search_term_string}\"},\"query-input\":\"required name=search_term_string\"}],\"inLanguage\":\"de-DE\"}]}<\/script>\n<!-- \/ Yoast SEO plugin. -->","yoast_head_json":{"title":"POLITIK DER VERANTWORTUNGSVOLLEN BESCHAFFUNG VON MINERALIEN UND METALLEN - IGOPAK","robots":{"index":"index","follow":"follow","max-snippet":"max-snippet:-1","max-image-preview":"max-image-preview:large","max-video-preview":"max-video-preview:-1"},"canonical":"https:\/\/igopak.pl\/de\/ueber-uns\/politik-der-verantwortungsvollen-beschaffung-von-mineralien-und-metallen\/","og_locale":"de_DE","og_type":"article","og_title":"POLITIK DER VERANTWORTUNGSVOLLEN BESCHAFFUNG VON MINERALIEN UND METALLEN - IGOPAK","og_description":"[vc_row css_animation=&#8221;&#8221; row_type=&#8221;row&#8221; use_row_as_full_screen_section=&#8221;no&#8221; type=&#8221;full_width&#8221; angled_section=&#8221;no&#8221; text_align=&#8221;left&#8221; background_image_as_pattern=&#8221;without_pattern&#8221;][vc_column][vc_column_text] RICHTLINIE F\u00dcR DIE VERANTWORTUNGSVOLLE BESCHAFFUNG VON MINERALIEN UND METALLEN BEI IGOPAK RO\u015aKOWICZ SP. K. [\/vc_column_text][vc_empty_space][vc_text_separator title=&#8221;1. Ziel der Richtlinie&#8221; border=&#8221;no&#8221;][vc_empty_space][vc_column_text] Ziel dieser Richtlinie ist es, die Grunds\u00e4tze der verantwortungsvollen Beschaffung von Mineralien und Metallen durch Igopak Ro\u015bkowicz...","og_url":"https:\/\/igopak.pl\/de\/ueber-uns\/politik-der-verantwortungsvollen-beschaffung-von-mineralien-und-metallen\/","og_site_name":"IGOPAK","twitter_card":"summary_large_image","twitter_misc":{"Gesch\u00e4tzte Lesezeit":"4 Minuten"},"schema":{"@context":"https:\/\/schema.org","@graph":[{"@type":"WebPage","@id":"https:\/\/igopak.pl\/de\/ueber-uns\/politik-der-verantwortungsvollen-beschaffung-von-mineralien-und-metallen\/","url":"https:\/\/igopak.pl\/de\/ueber-uns\/politik-der-verantwortungsvollen-beschaffung-von-mineralien-und-metallen\/","name":"POLITIK DER VERANTWORTUNGSVOLLEN BESCHAFFUNG VON MINERALIEN UND METALLEN - IGOPAK","isPartOf":{"@id":"https:\/\/igopak.pl\/#website"},"datePublished":"2025-12-03T10:00:07+00:00","dateModified":"2025-12-03T10:00:07+00:00","breadcrumb":{"@id":"https:\/\/igopak.pl\/de\/ueber-uns\/politik-der-verantwortungsvollen-beschaffung-von-mineralien-und-metallen\/#breadcrumb"},"inLanguage":"de-DE","potentialAction":[{"@type":"ReadAction","target":["https:\/\/igopak.pl\/de\/ueber-uns\/politik-der-verantwortungsvollen-beschaffung-von-mineralien-und-metallen\/"]}]},{"@type":"BreadcrumbList","@id":"https:\/\/igopak.pl\/de\/ueber-uns\/politik-der-verantwortungsvollen-beschaffung-von-mineralien-und-metallen\/#breadcrumb","itemListElement":[{"@type":"ListItem","position":1,"name":"Home","item":"https:\/\/igopak.pl\/de\/"},{"@type":"ListItem","position":2,"name":"\u00dcber Uns","item":"https:\/\/igopak.pl\/de\/ueber-uns\/"},{"@type":"ListItem","position":3,"name":"POLITIK DER VERANTWORTUNGSVOLLEN BESCHAFFUNG VON MINERALIEN UND METALLEN"}]},{"@type":"WebSite","@id":"https:\/\/igopak.pl\/#website","url":"https:\/\/igopak.pl\/","name":"IGOPAK","description":"Strona firmy IGOPAK ze \u015awidnicy","potentialAction":[{"@type":"SearchAction","target":{"@type":"EntryPoint","urlTemplate":"https:\/\/igopak.pl\/?s={search_term_string}"},"query-input":"required name=search_term_string"}],"inLanguage":"de-DE"}]}},"_links":{"self":[{"href":"https:\/\/igopak.pl\/de\/wp-json\/wp\/v2\/pages\/22049"}],"collection":[{"href":"https:\/\/igopak.pl\/de\/wp-json\/wp\/v2\/pages"}],"about":[{"href":"https:\/\/igopak.pl\/de\/wp-json\/wp\/v2\/types\/page"}],"author":[{"embeddable":true,"href":"https:\/\/igopak.pl\/de\/wp-json\/wp\/v2\/users\/1"}],"replies":[{"embeddable":true,"href":"https:\/\/igopak.pl\/de\/wp-json\/wp\/v2\/comments?post=22049"}],"version-history":[{"count":1,"href":"https:\/\/igopak.pl\/de\/wp-json\/wp\/v2\/pages\/22049\/revisions"}],"predecessor-version":[{"id":22050,"href":"https:\/\/igopak.pl\/de\/wp-json\/wp\/v2\/pages\/22049\/revisions\/22050"}],"up":[{"embeddable":true,"href":"https:\/\/igopak.pl\/de\/wp-json\/wp\/v2\/pages\/17496"}],"wp:attachment":[{"href":"https:\/\/igopak.pl\/de\/wp-json\/wp\/v2\/media?parent=22049"}],"curies":[{"name":"wp","href":"https:\/\/api.w.org\/{rel}","templated":true}]}}